{"id":3,"date":"2023-02-06T06:46:57","date_gmt":"2023-02-06T06:46:57","guid":{"rendered":"https:\/\/stage.empirevein.com\/?page_id=3"},"modified":"2023-04-02T23:57:05","modified_gmt":"2023-04-03T06:57:05","slug":"politica-de-privacidad","status":"publish","type":"page","link":"https:\/\/stage.empirevein.com\/es\/politica-de-privacidad\/","title":{"rendered":"pol\u00edtica de privacidad"},"content":{"rendered":"<p>Information about your privacy on {{WEBSITE}}<\/p>\n\n\n\n<p>Su privacidad y la privacidad de todos los usuarios de este sitio web son importantes para nosotros. En consecuencia, hemos adoptado la siguiente pol\u00edtica de privacidad. Nuestra pol\u00edtica se basa en los principios de notificaci\u00f3n, acceso y seguridad en la recopilaci\u00f3n y uso de toda la informaci\u00f3n sobre nuestros usuarios y sus actividades en nuestro sitio.<\/p>\n\n\n\n<hr class=\"wp-block-separator has-alpha-channel-opacity is-style-wide is-style-wide--1\"\/>\n\n\n\n<p>This Privacy Policy governs your use of the website, and explains, in general, what Personal Information and other information is collected from and about you, how the information is used, and with whom we may share such information. By visiting this website, and\/or using the services offered on or through this Website, you agree to the terms of this Privacy Policy as they may be amended from time to time. The services on this website may change and expand, and this Privacy Policy may change accordingly, so check back occasionally. This Privacy Policy is part of, the {{COMPANY}} website terms and conditions which governs your use of this website in general, and the {{COMPANY}} affiliate terms and conditions, which governs your use of and participation in the {{COMPANY}} affiliate program.<\/p>\n\n\n\n<p>Esta Pol\u00edtica de Privacidad no se aplica a la informaci\u00f3n que usted pueda proporcionar, o que podamos obtener, que no sea a trav\u00e9s de nuestro sitio web, como por tel\u00e9fono, correo postal y otros medios impresos y en vivo. Este sitio web est\u00e1 destinado a usuarios que se encuentran en los Estados Unidos de Am\u00e9rica. Esta pol\u00edtica de privacidad se interpretar\u00e1 seg\u00fan las leyes de los Estados Unidos. Los anuncios y otros contenidos que puedan mostrarse o transmitirse a usted en o a trav\u00e9s del sitio web pueden personalizarse seg\u00fan sus intereses y preferencias, seg\u00fan su informaci\u00f3n personal y la informaci\u00f3n de uso del sitio web, incluida (pero no limitada a) informaci\u00f3n de identificaci\u00f3n no personal, que que podamos obtener de usted o de otras fuentes.<\/p>\n\n\n\n<h2 class=\"wp-block-heading\">Prop\u00f3sito de la Pol\u00edtica de Privacidad<\/h2>\n\n\n\n<p>Your privacy is important to {{COMPANY}}. To make your visits to our website and use of the services available as purposeful as possible, you may be asked for personal information and certain information may be collected from your computer when you visit us. &#8220;Personal information&#8221; includes, for example, your name; home and\/or business address; e-mail address; telephone number; credit card and other payment information; social security number or employer identification number; demographic information and\/or other information that may identify you as an individual or allow online or offline contact with you as an individual.<\/p>\n\n\n\n<h2 class=\"wp-block-heading\">Derecho a participar y excluirse<\/h2>\n\n\n\n<p>You may have the right to &#8220;opt in&#8221; and &#8220;opt out&#8221; of certain of our uses of your personal information. For example, at the time you are requested to provide personal information on this website, you may have the opportunity to elect to, or not to receive correspondence from us. You may opt out of any communication with {{COMPANY}} by clicking the opt-out link in our communications, or by sending an email to\u00a0<a href=\"mailto:contact@empirevein.com\">contacto@empirevein.com<\/a>\u00a0stating that you would like to be removed from a specific {{COMPANY}} list, or all communications. Please understand that you may be contacted by {{COMPANY}} in connection with your relationship with us as a client, or as follow up from an event, class, or purchase.<\/p>\n\n\n\n<p><\/p>\n\n\n\n<h2 class=\"wp-block-heading\" id=\"info-collected\">The {{COMPANY}} Collects The Following Information<\/h2>\n\n\n\n<h3 class=\"wp-block-heading\">INFORMACI\u00d3N PROPORCIONADA POR EL USUARIO<\/h3>\n\n\n\n<p>Recopilamos informaci\u00f3n personal de y sobre los usuarios de nuestro sitio web, por ejemplo, a trav\u00e9s de las actividades y transacciones de dichos usuarios y al completar formularios en l\u00ednea en nuestro sitio web. Dicha informaci\u00f3n se recopila, por ejemplo, cuando los usuarios se registran o se suscriben a cuentas o funciones de nuestro sitio web, realizan compras en l\u00ednea, completan encuestas, publican o comentan en nuestro blog que podemos poner a disposici\u00f3n en nuestro sitio web o a trav\u00e9s de \u00e9l, env\u00edan un comentario o hacernos una pregunta mediante la funci\u00f3n &quot;Cont\u00e1ctenos&quot; o similar en nuestro sitio web, enviarnos un correo electr\u00f3nico o enviarnos informaci\u00f3n personal de cualquier otra manera a trav\u00e9s de nuestro sitio web. Es posible que pueda enviar informaci\u00f3n sobre nuestro sitio web, productos y servicios a sus compa\u00f1eros, contactos, amigos y familiares a trav\u00e9s de nuestro sitio web haciendo clic en el bot\u00f3n &quot;Cu\u00e9ntale a un amigo&quot; o similar en nuestro sitio web o en un correo electr\u00f3nico que le enviamos. te he enviado. En algunos casos (a menos que usted simplemente reenv\u00ede nuestro correo electr\u00f3nico por su cuenta), puede proporcionarnos el nombre y la direcci\u00f3n de correo electr\u00f3nico de su contacto. Esa informaci\u00f3n ser\u00e1 tratada de acuerdo con esta Pol\u00edtica de Privacidad y la ley aplicable.<\/p>\n\n\n\n<h2 class=\"wp-block-heading\">Informaci\u00f3n de uso del sitio web<\/h2>\n\n\n\n<p>CONFIGURAR EL CONSENTIMIENTO DE COOKIES<\/p>\n\n\n\n<p>Galletas. Podemos utilizar &quot;cookies&quot; para conservar y, en ocasiones, realizar un seguimiento de su informaci\u00f3n. Las cookies son peque\u00f1os archivos de datos que se env\u00edan a su navegador o software relacionado desde un servidor web y se almacenan en el disco duro de su computadora. Las cookies rastrean d\u00f3nde viaja en nuestro sitio web y qu\u00e9 mira y compra. Pueden almacenar sus preferencias, la informaci\u00f3n de su carrito de compras y\/o su nombre de usuario y\/o contrase\u00f1a. Una cookie puede permitirnos relacionar su uso de nuestro sitio web con otra informaci\u00f3n sobre usted, incluida su informaci\u00f3n personal. Todas estas finalidades sirven para mejorar y personalizar su experiencia en nuestro sitio web. La mayor\u00eda de los navegadores web se pueden configurar para informarle cuando se le ha enviado una cookie y brindarle la oportunidad de rechazarla. Sin embargo, rechazar una cookie puede, en algunos casos, impedirle usar o afectar negativamente la visualizaci\u00f3n o funci\u00f3n del sitio web o ciertas \u00e1reas o caracter\u00edsticas del sitio web.<\/p>\n\n\n\n<p>Borrar GIF. Podemos utilizar GIF transparentes (etiquetas de p\u00edxeles) o tecnolog\u00edas similares en el sitio web y\/o en nuestras comunicaciones con usted para permitirnos saber si ha visitado una p\u00e1gina web o ha recibido un mensaje. Un GIF transparente suele ser una imagen transparente de un p\u00edxel (aunque tambi\u00e9n puede ser una imagen visible), ubicada en una p\u00e1gina web o en un correo electr\u00f3nico u otro tipo de mensaje, que se recupera de un sitio remoto en la red. Internet que permite la verificaci\u00f3n de la visualizaci\u00f3n o recepci\u00f3n de una p\u00e1gina web o mensaje por parte de un individuo. Un GIF claro puede permitirnos relacionar su visualizaci\u00f3n o recepci\u00f3n de una p\u00e1gina web o mensaje con otra informaci\u00f3n sobre usted, incluida su informaci\u00f3n personal.<\/p>\n\n\n\n<h2 class=\"wp-block-heading\">Direcci\u00f3n IP e informaci\u00f3n de clic<\/h2>\n\n\n\n<p>Nuestro servidor recopila datos sobre la direcci\u00f3n de Internet de su servidor autom\u00e1ticamente cuando nos visita. Esta informaci\u00f3n, conocida como direcci\u00f3n de Protocolo de Internet o direcci\u00f3n IP, es un n\u00famero que su proveedor de servicios de Internet asigna autom\u00e1ticamente a su computadora cada vez que est\u00e1 en Internet. Cuando solicita p\u00e1ginas de nuestro sitio web, nuestros servidores pueden registrar su direcci\u00f3n IP y, a veces, su nombre de dominio. Nuestro servidor tambi\u00e9n puede registrar la p\u00e1gina de referencia que lo vincul\u00f3 con nosotros; las p\u00e1ginas que visita en este sitio web; el sitio web que visita despu\u00e9s de este sitio web; los anuncios que ve y\/o en los que hace clic; otra informaci\u00f3n sobre el tipo de navegador web, computadora, plataforma, software relacionado y configuraci\u00f3n que est\u00e1 utilizando; cualquier t\u00e9rmino de b\u00fasqueda que haya ingresado en este sitio web o en un sitio de referencia; y otras actividades de uso de la web y datos registrados por nuestros servidores web. Utilizamos esta informaci\u00f3n para la administraci\u00f3n interna del sistema, para ayudar a diagnosticar problemas con nuestro servidor y para administrar nuestro sitio web. Dicha informaci\u00f3n tambi\u00e9n puede usarse para recopilar informaci\u00f3n demogr\u00e1fica amplia, como el pa\u00eds de origen y el proveedor de servicios de Internet. Tambi\u00e9n podemos vincular esta informaci\u00f3n con su informaci\u00f3n personal. Cualquiera o todas estas actividades con respecto a la informaci\u00f3n de uso del sitio web pueden ser realizadas en nuestro nombre por nuestros proveedores de servicios.<\/p>\n\n\n\n<h2 class=\"wp-block-heading\">How {{COMPANY}} Uses Your Personal Information:<\/h2>\n\n\n\n<p>{{COMPANY}} will use your personal information, for example, to respond to your requests and to provide you with our product and service offerings. We may also use your Personal Information to maintain our internal record keeping. We may match information collected from you through different means or at different times, including both personal information and website usage information, and use such information along with information obtained from other sources, including third parties. In addition, we may send you notices (for example, in the form of e-mails, mailings, and the like, such as our e-newsletters), and otherwise correspond with you, about products, services, companies and events, sponsored by us and others, that we think might interest you. You may opt out of receiving such notices from us by following the instructions in the right to opt in and opt out section above. We may analyze user behavior as a measure of interest in, and use of, our Website and e-mails, both on an individual basis and in the aggregate. In general, other than as set forth in this Privacy Policy, we do not share Personal Information with third parties.<\/p>\n\n\n\n<h2 class=\"wp-block-heading\">Proveedores de servicio<\/h2>\n\n\n\n<p>Podemos utilizar socios externos para ayudar a operar nuestro sitio web y entregar nuestros productos y servicios, y podemos compartir su informaci\u00f3n con nuestros afiliados, proveedores de servicios y otros terceros que brindan productos o servicios para o a trav\u00e9s de este sitio web o para nuestro negocio (como como empresas de alojamiento de sitios web o bases de datos, empresas de alojamiento de listas de direcciones, proveedores de servicios de correo electr\u00f3nico, empresas de an\u00e1lisis, empresas de distribuci\u00f3n, empresas de cumplimiento y otros proveedores de servicios similares que utilizan dicha informaci\u00f3n en nuestro nombre).<\/p>\n\n\n\n<h2 class=\"wp-block-heading\">Estad\u00edsticas agregadas<\/h2>\n\n\n\n<p>Podemos divulgar estad\u00edsticas agregadas sobre el comportamiento del usuario como una medida de inter\u00e9s y uso de nuestro sitio web y correos electr\u00f3nicos a terceros en forma de datos agregados, como patrones generales o informes demogr\u00e1ficos que no describen ni identifican a ning\u00fan individuo. usuario.<\/p>\n\n\n\n<h2 class=\"wp-block-heading\">Divulgaciones legalmente obligatorias<\/h2>\n\n\n\n<p>Podemos divulgar informaci\u00f3n del usuario a autoridades gubernamentales y a otros terceros cuando las autoridades gubernamentales nos obliguen a hacerlo, a nuestra discreci\u00f3n, o seg\u00fan lo exija o permita la ley, incluidos, entre otros, en respuesta a \u00f3rdenes y citaciones judiciales. Tambi\u00e9n podemos divulgar informaci\u00f3n del usuario cuando tenemos motivos para creer que alguien est\u00e1 causando da\u00f1o o interfiriendo con nuestros derechos o propiedad, otros usuarios del sitio web o cualquier otra persona que podr\u00eda resultar perjudicada por dichas actividades.<\/p>\n\n\n\n<h2 class=\"wp-block-heading\">Transferencia de Negocios<\/h2>\n\n\n\n<p>In the event that {{COMPANY}}, or substantially all of its assets, is acquired by one or more third parties as a result of an acquisition, merger, sale, reorganization, consolidation or liquidation, user information may be one of the transferred assets.<\/p>\n\n\n\n<h2 class=\"wp-block-heading\">Seguridad<\/h2>\n\n\n\n<p>While {{COMPANY}} will endeavor to protect the security and integrity of sensitive personal information provided to this website, due to the inherent nature of the Internet as an open global communications vehicle, we cannot guarantee that information, during transmission through the Internet or while stored on our system or otherwise in our care, will be absolutely safe from intrusion by others, such as hackers. If you contact us by e-mail or a &#8220;contact us&#8221; or similar feature on our website, you should be aware that your transmission might not be secure. A third party could view information you send by these methods in transit. Do not send sensitive information (such as payment card information, social security numbers, employer identification numbers, passwords, or pin numbers) to us via e-mail or via a &#8220;contact us&#8221; or similar feature on our website. We will have no liability for disclosure of your information due to errors or unauthorized acts of third parties during or after transmission. In the unlikely event that we believe that the security of your personal information in our possession or control may have been compromised, we may seek to notify you of that development. If a notification is appropriate, we would endeavor to do so as promptly as possible under the circumstances, and, to the extent we have your e-mail address, we may notify you by e-mail. You consent to our use of e-mail as a means of such notification.<\/p>\n\n\n\n<h2 class=\"wp-block-heading\">Consentimiento para el procesamiento<\/h2>\n\n\n\n<p>Al proporcionar informaci\u00f3n personal a este sitio web, usted comprende y acepta la recopilaci\u00f3n, el mantenimiento, el procesamiento y la transferencia de dicha informaci\u00f3n en y hacia los Estados Unidos y otros pa\u00edses y territorios.<\/p>\n\n\n\n<h2 class=\"wp-block-heading\">Sitios web &quot;vinculados&quot; de terceros<\/h2>\n\n\n\n<p>When you are on our website you may have the opportunity to visit, or link to, other websites, blogs, or other electronic media not operated by {{COMPANY}}. These sites may collect personal information about you. {{COMPANY}} does not control sites that are operated by these entities and is not responsible for the information practices of the other websites. The privacy policies of any linked websites are the sole responsibility of the other websites.<\/p>\n\n\n\n<h2 class=\"wp-block-heading\">Cambios a esta Pol\u00edtica de Privacidad<\/h2>\n\n\n\n<p>{{COMPANY}} reserves the right to change or update this privacy policy, or any other of our policies or practices, at any time, and will notify users of this website by posting such changed or updated privacy policy on this page. Any changes or updates will be effective immediately upon posting to this website. Under certain circumstances, we may also elect to notify you of changes or updates to our privacy policy by additional means, such as posting a notice on the front page of our website to sending you an e-mail.<\/p>","protected":false},"excerpt":{"rendered":"<p>Information about your privacy on {{WEBSITE}} Your privacy, and the privacy of all users of this website, is important to us. Accordingly, we have adopted the following privacy policy. Our policy is based on the principles of notice, access, and security in the collection and use of all information regarding our users and their activities [&hellip;]<\/p>","protected":false},"author":1,"featured_media":0,"parent":0,"menu_order":42,"comment_status":"closed","ping_status":"open","template":"","meta":{"_acf_changed":false,"_gspb_post_css":"","footnotes":""},"class_list":["post-3","page","type-page","status-publish","hentry"],"acf":[],"yoast_head":"<!-- This site is optimized with the Yoast SEO plugin v27.6 - https:\/\/yoast.com\/product\/yoast-seo-wordpress\/ -->\n<title>Privacy Policy - Empire Vein &amp; Vascular Specialists<\/title>\n<meta name=\"robots\" content=\"index, follow, max-snippet:-1, max-image-preview:large, max-video-preview:-1\" \/>\n<link rel=\"canonical\" href=\"https:\/\/stage.empirevein.com\/es\/politica-de-privacidad\/\" \/>\n<meta property=\"og:locale\" content=\"es_MX\" \/>\n<meta property=\"og:type\" content=\"article\" \/>\n<meta property=\"og:title\" content=\"Privacy Policy - Empire Vein &amp; Vascular Specialists\" \/>\n<meta property=\"og:description\" content=\"Information about your privacy on {{WEBSITE}} Your privacy, and the privacy of all users of this website, is important to us. Accordingly, we have adopted the following privacy policy. Our policy is based on the principles of notice, access, and security in the collection and use of all information regarding our users and their activities [&hellip;]\" \/>\n<meta property=\"og:url\" content=\"https:\/\/stage.empirevein.com\/es\/politica-de-privacidad\/\" \/>\n<meta property=\"og:site_name\" content=\"Empire Vein &amp; Vascular Specialists\" \/>\n<meta property=\"article:modified_time\" content=\"2023-04-03T06:57:05+00:00\" \/>\n<meta name=\"twitter:card\" content=\"summary_large_image\" \/>\n<meta name=\"twitter:label1\" content=\"Tiempo de lectura\" \/>\n\t<meta name=\"twitter:data1\" content=\"10 minutos\" \/>\n<script type=\"application\/ld+json\" class=\"yoast-schema-graph\">{\"@context\":\"https:\\\/\\\/schema.org\",\"@graph\":[{\"@type\":\"WebPage\",\"@id\":\"https:\\\/\\\/stage.empirevein.com\\\/privacy-policy\\\/\",\"url\":\"https:\\\/\\\/stage.empirevein.com\\\/privacy-policy\\\/\",\"name\":\"Privacy Policy - Empire Vein &amp; Vascular Specialists\",\"isPartOf\":{\"@id\":\"https:\\\/\\\/stage.empirevein.com\\\/#website\"},\"datePublished\":\"2023-02-06T06:46:57+00:00\",\"dateModified\":\"2023-04-03T06:57:05+00:00\",\"breadcrumb\":{\"@id\":\"https:\\\/\\\/stage.empirevein.com\\\/privacy-policy\\\/#breadcrumb\"},\"inLanguage\":\"es\",\"potentialAction\":[{\"@type\":\"ReadAction\",\"target\":[\"https:\\\/\\\/stage.empirevein.com\\\/privacy-policy\\\/\"]}]},{\"@type\":\"BreadcrumbList\",\"@id\":\"https:\\\/\\\/stage.empirevein.com\\\/privacy-policy\\\/#breadcrumb\",\"itemListElement\":[{\"@type\":\"ListItem\",\"position\":1,\"name\":\"Home\",\"item\":\"https:\\\/\\\/stage.empirevein.com\\\/\"},{\"@type\":\"ListItem\",\"position\":2,\"name\":\"Privacy Policy\"}]},{\"@type\":\"WebSite\",\"@id\":\"https:\\\/\\\/stage.empirevein.com\\\/#website\",\"url\":\"https:\\\/\\\/stage.empirevein.com\\\/\",\"name\":\"%%sitename%%\",\"description\":\"Expert Treatment for Varicose Veins &amp; Vascular Health\",\"publisher\":{\"@id\":\"https:\\\/\\\/stage.empirevein.com\\\/#organization\"},\"potentialAction\":[{\"@type\":\"SearchAction\",\"target\":{\"@type\":\"EntryPoint\",\"urlTemplate\":\"https:\\\/\\\/stage.empirevein.com\\\/?s={search_term_string}\"},\"query-input\":{\"@type\":\"PropertyValueSpecification\",\"valueRequired\":true,\"valueName\":\"search_term_string\"}}],\"inLanguage\":\"es\"},{\"@type\":\"Organization\",\"@id\":\"https:\\\/\\\/stage.empirevein.com\\\/#organization\",\"name\":\"Empire Vein Specialists\",\"url\":\"https:\\\/\\\/stage.empirevein.com\\\/\",\"logo\":{\"@type\":\"ImageObject\",\"inLanguage\":\"es\",\"@id\":\"https:\\\/\\\/stage.empirevein.com\\\/#\\\/schema\\\/logo\\\/image\\\/\",\"url\":\"https:\\\/\\\/stage.empirevein.com\\\/wp-content\\\/uploads\\\/2023\\\/02\\\/favicon.png\",\"contentUrl\":\"https:\\\/\\\/stage.empirevein.com\\\/wp-content\\\/uploads\\\/2023\\\/02\\\/favicon.png\",\"width\":76,\"height\":76,\"caption\":\"Empire Vein Specialists\"},\"image\":{\"@id\":\"https:\\\/\\\/stage.empirevein.com\\\/#\\\/schema\\\/logo\\\/image\\\/\"}}]}<\/script>\n<!-- \/ Yoast SEO plugin. -->","yoast_head_json":{"title":"Pol\u00edtica de privacidad - Empire Vein &amp; Vascular Specialists","robots":{"index":"index","follow":"follow","max-snippet":"max-snippet:-1","max-image-preview":"max-image-preview:large","max-video-preview":"max-video-preview:-1"},"canonical":"https:\/\/stage.empirevein.com\/es\/politica-de-privacidad\/","og_locale":"es_MX","og_type":"article","og_title":"Privacy Policy - Empire Vein &amp; Vascular Specialists","og_description":"Information about your privacy on {{WEBSITE}} Your privacy, and the privacy of all users of this website, is important to us. Accordingly, we have adopted the following privacy policy. Our policy is based on the principles of notice, access, and security in the collection and use of all information regarding our users and their activities [&hellip;]","og_url":"https:\/\/stage.empirevein.com\/es\/politica-de-privacidad\/","og_site_name":"Empire Vein &amp; Vascular Specialists","article_modified_time":"2023-04-03T06:57:05+00:00","twitter_card":"summary_large_image","twitter_misc":{"Tiempo de lectura":"10 minutos"},"schema":{"@context":"https:\/\/schema.org","@graph":[{"@type":"WebPage","@id":"https:\/\/stage.empirevein.com\/privacy-policy\/","url":"https:\/\/stage.empirevein.com\/privacy-policy\/","name":"Pol\u00edtica de privacidad - Empire Vein &amp; Vascular Specialists","isPartOf":{"@id":"https:\/\/stage.empirevein.com\/#website"},"datePublished":"2023-02-06T06:46:57+00:00","dateModified":"2023-04-03T06:57:05+00:00","breadcrumb":{"@id":"https:\/\/stage.empirevein.com\/privacy-policy\/#breadcrumb"},"inLanguage":"es","potentialAction":[{"@type":"ReadAction","target":["https:\/\/stage.empirevein.com\/privacy-policy\/"]}]},{"@type":"BreadcrumbList","@id":"https:\/\/stage.empirevein.com\/privacy-policy\/#breadcrumb","itemListElement":[{"@type":"ListItem","position":1,"name":"Home","item":"https:\/\/stage.empirevein.com\/"},{"@type":"ListItem","position":2,"name":"Privacy Policy"}]},{"@type":"WebSite","@id":"https:\/\/stage.empirevein.com\/#website","url":"https:\/\/stage.empirevein.com\/","name":"%%sitename%%","description":"Tratamiento experto para venas varicosas y salud vascular","publisher":{"@id":"https:\/\/stage.empirevein.com\/#organization"},"potentialAction":[{"@type":"SearchAction","target":{"@type":"EntryPoint","urlTemplate":"https:\/\/stage.empirevein.com\/?s={search_term_string}"},"query-input":{"@type":"PropertyValueSpecification","valueRequired":true,"valueName":"search_term_string"}}],"inLanguage":"es"},{"@type":"Organization","@id":"https:\/\/stage.empirevein.com\/#organization","name":"Especialistas en venas del imperio","url":"https:\/\/stage.empirevein.com\/","logo":{"@type":"ImageObject","inLanguage":"es","@id":"https:\/\/stage.empirevein.com\/#\/schema\/logo\/image\/","url":"https:\/\/stage.empirevein.com\/wp-content\/uploads\/2023\/02\/favicon.png","contentUrl":"https:\/\/stage.empirevein.com\/wp-content\/uploads\/2023\/02\/favicon.png","width":76,"height":76,"caption":"Empire Vein Specialists"},"image":{"@id":"https:\/\/stage.empirevein.com\/#\/schema\/logo\/image\/"}}]}},"_links":{"self":[{"href":"https:\/\/stage.empirevein.com\/es\/wp-json\/wp\/v2\/pages\/3","targetHints":{"allow":["GET"]}}],"collection":[{"href":"https:\/\/stage.empirevein.com\/es\/wp-json\/wp\/v2\/pages"}],"about":[{"href":"https:\/\/stage.empirevein.com\/es\/wp-json\/wp\/v2\/types\/page"}],"author":[{"embeddable":true,"href":"https:\/\/stage.empirevein.com\/es\/wp-json\/wp\/v2\/users\/1"}],"replies":[{"embeddable":true,"href":"https:\/\/stage.empirevein.com\/es\/wp-json\/wp\/v2\/comments?post=3"}],"version-history":[{"count":2,"href":"https:\/\/stage.empirevein.com\/es\/wp-json\/wp\/v2\/pages\/3\/revisions"}],"predecessor-version":[{"id":368,"href":"https:\/\/stage.empirevein.com\/es\/wp-json\/wp\/v2\/pages\/3\/revisions\/368"}],"wp:attachment":[{"href":"https:\/\/stage.empirevein.com\/es\/wp-json\/wp\/v2\/media?parent=3"}],"curies":[{"name":"Gracias","href":"https:\/\/api.w.org\/{rel}","templated":true}]}}